{"id":206,"date":"2021-05-13T23:34:17","date_gmt":"2021-05-13T21:34:17","guid":{"rendered":"http:\/\/cftpl.ifpam-formations.com\/?page_id=206"},"modified":"2021-06-01T21:44:41","modified_gmt":"2021-06-01T19:44:41","slug":"nos-formules-de-stages","status":"publish","type":"page","link":"https:\/\/cftpl.ifpam-formations.com\/index.php\/nos-formules-de-stages\/","title":{"rendered":"nos formules de stages"},"content":{"rendered":"\t\t<div data-elementor-type=\"wp-page\" data-elementor-id=\"206\" class=\"elementor elementor-206\" data-elementor-settings=\"[]\">\n\t\t\t\t\t\t\t<div class=\"elementor-section-wrap\">\n\t\t\t\t\t\t\t<section data-particle_enable=\"false\" data-particle-mobile-disabled=\"false\" class=\"elementor-section elementor-top-section elementor-element elementor-element-12d2cf64 elementor-section-boxed elementor-section-height-default elementor-section-height-default\" data-id=\"12d2cf64\" data-element_type=\"section\">\n\t\t\t\t\t\t<div class=\"elementor-container elementor-column-gap-no\">\n\t\t\t\t\t<div class=\"elementor-column elementor-col-50 elementor-top-column elementor-element elementor-element-736d9509\" data-id=\"736d9509\" data-element_type=\"column\">\n\t\t\t<div class=\"elementor-widget-wrap elementor-element-populated\">\n\t\t\t\t\t\t\t\t<div class=\"elementor-element elementor-element-12fbad15 elementor-widget elementor-widget-image\" data-id=\"12fbad15\" data-element_type=\"widget\" data-widget_type=\"image.default\">\n\t\t\t\t<div class=\"elementor-widget-container\">\n\t\t\t\t\t<div class=\"elementor-image\">\n\t\t\t\t\t\t\t\t\t\t<img width=\"325\" height=\"488\" src=\"https:\/\/cftpl.ifpam-formations.com\/wp-content\/uploads\/2021\/05\/contrat-cftpl.png\" class=\"attachment-full size-full\" alt=\"\" loading=\"lazy\" srcset=\"https:\/\/cftpl.ifpam-formations.com\/wp-content\/uploads\/2021\/05\/contrat-cftpl.png 325w, https:\/\/cftpl.ifpam-formations.com\/wp-content\/uploads\/2021\/05\/contrat-cftpl-200x300.png 200w, https:\/\/cftpl.ifpam-formations.com\/wp-content\/uploads\/2021\/05\/contrat-cftpl-180x270.png 180w\" sizes=\"(max-width: 325px) 100vw, 325px\" \/>\t\t\t\t\t\t\t\t\t\t\t<\/div>\n\t\t\t\t<\/div>\n\t\t\t\t<\/div>\n\t\t\t\t\t<\/div>\n\t\t<\/div>\n\t\t\t\t<div class=\"elementor-column elementor-col-50 elementor-top-column elementor-element elementor-element-769959fb\" data-id=\"769959fb\" data-element_type=\"column\" data-settings=\"{&quot;background_background&quot;:&quot;classic&quot;}\">\n\t\t\t<div class=\"elementor-widget-wrap elementor-element-populated\">\n\t\t\t\t\t\t\t\t<div class=\"elementor-element elementor-element-1792f8e elementor-widget elementor-widget-heading\" data-id=\"1792f8e\" data-element_type=\"widget\" data-widget_type=\"heading.default\">\n\t\t\t\t<div class=\"elementor-widget-container\">\n\t\t\t<h2 class=\"elementor-heading-title elementor-size-large\">CONTRAT CFPTL POUR CES STAGES\n<\/h2>\t\t<\/div>\n\t\t\t\t<\/div>\n\t\t\t\t<section data-particle_enable=\"false\" data-particle-mobile-disabled=\"false\" class=\"elementor-section elementor-inner-section elementor-element elementor-element-7c0c48b8 elementor-reverse-mobile elementor-section-boxed elementor-section-height-default elementor-section-height-default\" data-id=\"7c0c48b8\" data-element_type=\"section\">\n\t\t\t\t\t\t<div class=\"elementor-container elementor-column-gap-default\">\n\t\t\t\t\t<div class=\"elementor-column elementor-col-100 elementor-inner-column elementor-element elementor-element-5b48f5a0\" data-id=\"5b48f5a0\" data-element_type=\"column\" data-settings=\"{&quot;background_background&quot;:&quot;classic&quot;}\">\n\t\t\t<div class=\"elementor-widget-wrap elementor-element-populated\">\n\t\t\t\t\t\t\t\t<div class=\"elementor-element elementor-element-38d99a18 elementor-widget elementor-widget-text-editor\" data-id=\"38d99a18\" data-element_type=\"widget\" data-widget_type=\"text-editor.default\">\n\t\t\t\t<div class=\"elementor-widget-container\">\n\t\t\t\t\t<div class=\"elementor-text-editor elementor-clearfix\">En cas d\u2019\u00e9chec \u00e0 l\u2019examen, deux (2) autres possibilit\u00e9s de pr\u00e9paration et de pr\u00e9sentation dans les deux (2) ans.\nCo\u00fbt du contrat de formation : 600 000 FCFA.\nIl faut pr\u00e9voir 5 jours ouvrables (40h). Co\u00fbt du stage : 240 000 FCFA.\n<\/div>\n\t\t\t\t<\/div>\n\t\t\t\t<\/div>\n\t\t\t\t\t<\/div>\n\t\t<\/div>\n\t\t\t\t\t\t\t<\/div>\n\t\t<\/section>\n\t\t\t\t\t<\/div>\n\t\t<\/div>\n\t\t\t\t\t\t\t<\/div>\n\t\t<\/section>\n\t\t\t\t<section data-particle_enable=\"false\" data-particle-mobile-disabled=\"false\" class=\"elementor-section elementor-top-section elementor-element elementor-element-3ade9493 elementor-section-boxed elementor-section-height-default elementor-section-height-default\" data-id=\"3ade9493\" data-element_type=\"section\">\n\t\t\t\t\t\t<div class=\"elementor-container elementor-column-gap-no\">\n\t\t\t\t\t<div class=\"elementor-column elementor-col-33 elementor-top-column elementor-element elementor-element-6c47a01f\" data-id=\"6c47a01f\" data-element_type=\"column\" data-settings=\"{&quot;background_background&quot;:&quot;classic&quot;}\">\n\t\t\t<div class=\"elementor-widget-wrap elementor-element-populated\">\n\t\t\t\t\t\t\t\t<div class=\"elementor-element elementor-element-7e5d26f7 elementor-widget elementor-widget-image\" data-id=\"7e5d26f7\" data-element_type=\"widget\" data-widget_type=\"image.default\">\n\t\t\t\t<div class=\"elementor-widget-container\">\n\t\t\t\t\t<div class=\"elementor-image\">\n\t\t\t\t\t\t\t\t\t\t<img width=\"325\" height=\"250\" src=\"https:\/\/cftpl.ifpam-formations.com\/wp-content\/uploads\/2021\/05\/experts_1_org-1.jpg\" class=\"attachment-full size-full\" alt=\"\" loading=\"lazy\" srcset=\"https:\/\/cftpl.ifpam-formations.com\/wp-content\/uploads\/2021\/05\/experts_1_org-1.jpg 325w, https:\/\/cftpl.ifpam-formations.com\/wp-content\/uploads\/2021\/05\/experts_1_org-1-300x231.jpg 300w\" sizes=\"(max-width: 325px) 100vw, 325px\" \/>\t\t\t\t\t\t\t\t\t\t\t<\/div>\n\t\t\t\t<\/div>\n\t\t\t\t<\/div>\n\t\t\t\t<div class=\"elementor-element elementor-element-7ede4b37 elementor-widget elementor-widget-heading\" data-id=\"7ede4b37\" data-element_type=\"widget\" data-widget_type=\"heading.default\">\n\t\t\t\t<div class=\"elementor-widget-container\">\n\t\t\t<h3 class=\"elementor-heading-title elementor-size-large\">Stage compl\u00e9ment marchandise\n<\/h3>\t\t<\/div>\n\t\t\t\t<\/div>\n\t\t\t\t<div class=\"elementor-element elementor-element-1722328b elementor-widget elementor-widget-text-editor\" data-id=\"1722328b\" data-element_type=\"widget\" data-widget_type=\"text-editor.default\">\n\t\t\t\t<div class=\"elementor-widget-container\">\n\t\t\t\t\t<div class=\"elementor-text-editor elementor-clearfix\">Il s\u2019adresse \u00e0 des apprenants qui ont d\u00e9j\u00e0 l\u2019Attestation de capacit\u00e9 \u00ab marchandise \u00bb. Ce stage porte sur les mati\u00e8res man-\nquantes. Dur\u00e9e : cours du soir (une semaine) lors d\u2019un stage de 3 ou 4 semaines.\nCo\u00fbt du stage : 140 000 FCFA.\n<\/div>\n\t\t\t\t<\/div>\n\t\t\t\t<\/div>\n\t\t\t\t\t<\/div>\n\t\t<\/div>\n\t\t\t\t<div class=\"elementor-column elementor-col-33 elementor-top-column elementor-element elementor-element-6088896b\" data-id=\"6088896b\" data-element_type=\"column\" data-settings=\"{&quot;background_background&quot;:&quot;classic&quot;}\">\n\t\t\t<div class=\"elementor-widget-wrap elementor-element-populated\">\n\t\t\t\t\t\t\t\t<div class=\"elementor-element elementor-element-7ae0fa04 elementor-widget elementor-widget-image\" data-id=\"7ae0fa04\" data-element_type=\"widget\" data-widget_type=\"image.default\">\n\t\t\t\t<div class=\"elementor-widget-container\">\n\t\t\t\t\t<div class=\"elementor-image\">\n\t\t\t\t\t\t\t\t\t\t<img width=\"325\" height=\"250\" src=\"https:\/\/cftpl.ifpam-formations.com\/wp-content\/uploads\/2021\/05\/experts_2_org.jpg\" class=\"attachment-full size-full\" alt=\"\" loading=\"lazy\" srcset=\"https:\/\/cftpl.ifpam-formations.com\/wp-content\/uploads\/2021\/05\/experts_2_org.jpg 325w, https:\/\/cftpl.ifpam-formations.com\/wp-content\/uploads\/2021\/05\/experts_2_org-300x231.jpg 300w\" sizes=\"(max-width: 325px) 100vw, 325px\" \/>\t\t\t\t\t\t\t\t\t\t\t<\/div>\n\t\t\t\t<\/div>\n\t\t\t\t<\/div>\n\t\t\t\t<div class=\"elementor-element elementor-element-2833b523 elementor-widget elementor-widget-heading\" data-id=\"2833b523\" data-element_type=\"widget\" data-widget_type=\"heading.default\">\n\t\t\t\t<div class=\"elementor-widget-container\">\n\t\t\t<h3 class=\"elementor-heading-title elementor-size-large\">stage compl\u00e9ment voyageur\n<\/h3>\t\t<\/div>\n\t\t\t\t<\/div>\n\t\t\t\t<div class=\"elementor-element elementor-element-c64a877 elementor-widget elementor-widget-text-editor\" data-id=\"c64a877\" data-element_type=\"widget\" data-widget_type=\"text-editor.default\">\n\t\t\t\t<div class=\"elementor-widget-container\">\n\t\t\t\t\t<div class=\"elementor-text-editor elementor-clearfix\">Il s\u2019adresse \u00e0 des apprenants qui ont d\u00e9j\u00e0 l\u2019Attestation de capacit\u00e9 \u00ab voyageur \u00bb. Ce stage porte sur les mati\u00e8res man-\nquantes. Dur\u00e9e : Une semaine sur un stage de 3 ou 4 semaines. Co\u00fbt du stage : 185 000 FCFA.\n<\/div>\n\t\t\t\t<\/div>\n\t\t\t\t<\/div>\n\t\t\t\t\t<\/div>\n\t\t<\/div>\n\t\t\t\t<div class=\"elementor-column elementor-col-33 elementor-top-column elementor-element elementor-element-22e03b38\" data-id=\"22e03b38\" data-element_type=\"column\" data-settings=\"{&quot;background_background&quot;:&quot;classic&quot;}\">\n\t\t\t<div class=\"elementor-widget-wrap elementor-element-populated\">\n\t\t\t\t\t\t\t\t<div class=\"elementor-element elementor-element-11325083 elementor-widget elementor-widget-image\" data-id=\"11325083\" data-element_type=\"widget\" data-widget_type=\"image.default\">\n\t\t\t\t<div class=\"elementor-widget-container\">\n\t\t\t\t\t<div class=\"elementor-image\">\n\t\t\t\t\t\t\t\t\t\t<img width=\"325\" height=\"250\" src=\"https:\/\/cftpl.ifpam-formations.com\/wp-content\/uploads\/2021\/05\/experts_3_org.jpg\" class=\"attachment-full size-full\" alt=\"\" loading=\"lazy\" srcset=\"https:\/\/cftpl.ifpam-formations.com\/wp-content\/uploads\/2021\/05\/experts_3_org.jpg 325w, https:\/\/cftpl.ifpam-formations.com\/wp-content\/uploads\/2021\/05\/experts_3_org-300x231.jpg 300w\" sizes=\"(max-width: 325px) 100vw, 325px\" \/>\t\t\t\t\t\t\t\t\t\t\t<\/div>\n\t\t\t\t<\/div>\n\t\t\t\t<\/div>\n\t\t\t\t<div class=\"elementor-element elementor-element-3d191d93 elementor-widget elementor-widget-heading\" data-id=\"3d191d93\" data-element_type=\"widget\" data-widget_type=\"heading.default\">\n\t\t\t\t<div class=\"elementor-widget-container\">\n\t\t\t<h3 class=\"elementor-heading-title elementor-size-large\">Stage de rattrapage\n<\/h3>\t\t<\/div>\n\t\t\t\t<\/div>\n\t\t\t\t<div class=\"elementor-element elementor-element-191c9b9c elementor-widget elementor-widget-text-editor\" data-id=\"191c9b9c\" data-element_type=\"widget\" data-widget_type=\"text-editor.default\">\n\t\t\t\t<div class=\"elementor-widget-container\">\n\t\t\t\t\t<div class=\"elementor-text-editor elementor-clearfix\">Il s\u2019adresse \u00e0 ceux qui ont \u00e9chou\u00e9 \u00e0 l\u2019examen. La dur\u00e9e et les mati\u00e8res \u00e0 rattraper seront \u00e9tudi\u00e9es en collaboration avec\nl\u2019instructeur. Un candidat n\u2019ayant \u00e9chou\u00e9 que de quelques points pourra ne faire qu\u2019une semaine alors qu\u2019un autre aura\nbesoin de 2, 3 ou 4 semaines.\n<\/div>\n\t\t\t\t<\/div>\n\t\t\t\t<\/div>\n\t\t\t\t\t<\/div>\n\t\t<\/div>\n\t\t\t\t\t\t\t<\/div>\n\t\t<\/section>\n\t\t\t\t<section data-particle_enable=\"false\" data-particle-mobile-disabled=\"false\" class=\"elementor-section elementor-top-section elementor-element elementor-element-7c4d70d3 elementor-section-content-middle elementor-section-boxed elementor-section-height-default elementor-section-height-default\" data-id=\"7c4d70d3\" data-element_type=\"section\">\n\t\t\t\t\t\t<div class=\"elementor-container elementor-column-gap-default\">\n\t\t\t\t\t<div class=\"elementor-column elementor-col-50 elementor-top-column elementor-element elementor-element-303b9aaf\" data-id=\"303b9aaf\" data-element_type=\"column\" data-settings=\"{&quot;background_background&quot;:&quot;classic&quot;}\">\n\t\t\t<div class=\"elementor-widget-wrap elementor-element-populated\">\n\t\t\t\t\t\t\t\t<div class=\"elementor-element elementor-element-3be93ce2 elementor-widget elementor-widget-heading\" data-id=\"3be93ce2\" data-element_type=\"widget\" data-widget_type=\"heading.default\">\n\t\t\t\t<div class=\"elementor-widget-container\">\n\t\t\t<h2 class=\"elementor-heading-title elementor-size-large\">Les prix ci-apr\u00e8s ne concernent que les anciens apprenants du CFPTL. Pour les nouveaux se renseigner au secr\u00e9tariat.<\/h2>\t\t<\/div>\n\t\t\t\t<\/div>\n\t\t\t\t<div class=\"elementor-element elementor-element-37cda87 elementor-widget elementor-widget-eael-creative-button\" data-id=\"37cda87\" data-element_type=\"widget\" data-widget_type=\"eael-creative-button.default\">\n\t\t\t\t<div class=\"elementor-widget-container\">\n\t\t\t        <div class=\"eael-creative-button-wrapper\">\n\n            <a class=\"eael-creative-button eael-creative-button--default\" href=\"https:\/\/cftpl.ifpam-formations.com\/index.php\/nos-stages\/\" data-text=\"Go!\">\n\n                <div class=\"creative-button-inner\">\n\n                                            <span class=\"eael-creative-button-icon-left\"><\/span>                    \n                    <span class=\"cretive-button-text\">En savoir plus!<\/span>\n\n                                    <\/div>\n            <\/a>\n        <\/div>\n\t\t<\/div>\n\t\t\t\t<\/div>\n\t\t\t\t\t<\/div>\n\t\t<\/div>\n\t\t\t\t<div class=\"elementor-column elementor-col-50 elementor-top-column elementor-element elementor-element-80ead39\" data-id=\"80ead39\" data-element_type=\"column\">\n\t\t\t<div class=\"elementor-widget-wrap elementor-element-populated\">\n\t\t\t\t\t\t\t\t<div class=\"elementor-element elementor-element-5763d58 elementor-position-left elementor-vertical-align-middle elementor-widget elementor-widget-image-box\" data-id=\"5763d58\" data-element_type=\"widget\" data-widget_type=\"image-box.default\">\n\t\t\t\t<div class=\"elementor-widget-container\">\n\t\t\t<div class=\"elementor-image-box-wrapper\"><figure class=\"elementor-image-box-img\"><img width=\"132\" height=\"131\" src=\"https:\/\/cftpl.ifpam-formations.com\/wp-content\/uploads\/2021\/05\/prix__-vrai.png\" class=\"attachment-full size-full\" alt=\"\" loading=\"lazy\" srcset=\"https:\/\/cftpl.ifpam-formations.com\/wp-content\/uploads\/2021\/05\/prix__-vrai.png 132w, https:\/\/cftpl.ifpam-formations.com\/wp-content\/uploads\/2021\/05\/prix__-vrai-100x100.png 100w\" sizes=\"(max-width: 132px) 100vw, 132px\" \/><\/figure><div class=\"elementor-image-box-content\"><h3 class=\"elementor-image-box-title\">120 000 FCFA<\/h3><p class=\"elementor-image-box-description\">1 semaine <\/p><\/div><\/div>\t\t<\/div>\n\t\t\t\t<\/div>\n\t\t\t\t<div class=\"elementor-element elementor-element-73d5ae28 elementor-position-left elementor-vertical-align-middle elementor-widget elementor-widget-image-box\" data-id=\"73d5ae28\" data-element_type=\"widget\" data-widget_type=\"image-box.default\">\n\t\t\t\t<div class=\"elementor-widget-container\">\n\t\t\t<div class=\"elementor-image-box-wrapper\"><figure class=\"elementor-image-box-img\"><img width=\"132\" height=\"131\" src=\"https:\/\/cftpl.ifpam-formations.com\/wp-content\/uploads\/2021\/05\/prix__-vrai.png\" class=\"attachment-full size-full\" alt=\"\" loading=\"lazy\" srcset=\"https:\/\/cftpl.ifpam-formations.com\/wp-content\/uploads\/2021\/05\/prix__-vrai.png 132w, https:\/\/cftpl.ifpam-formations.com\/wp-content\/uploads\/2021\/05\/prix__-vrai-100x100.png 100w\" sizes=\"(max-width: 132px) 100vw, 132px\" \/><\/figure><div class=\"elementor-image-box-content\"><h3 class=\"elementor-image-box-title\">175 000 FCFA<\/h3><p class=\"elementor-image-box-description\"> 2 semaines <\/p><\/div><\/div>\t\t<\/div>\n\t\t\t\t<\/div>\n\t\t\t\t<div class=\"elementor-element elementor-element-676c3bd2 elementor-position-left elementor-vertical-align-middle elementor-widget elementor-widget-image-box\" data-id=\"676c3bd2\" data-element_type=\"widget\" data-widget_type=\"image-box.default\">\n\t\t\t\t<div class=\"elementor-widget-container\">\n\t\t\t<div class=\"elementor-image-box-wrapper\"><figure class=\"elementor-image-box-img\"><img width=\"132\" height=\"131\" src=\"https:\/\/cftpl.ifpam-formations.com\/wp-content\/uploads\/2021\/05\/prix__-vrai.png\" class=\"attachment-full size-full\" alt=\"\" loading=\"lazy\" srcset=\"https:\/\/cftpl.ifpam-formations.com\/wp-content\/uploads\/2021\/05\/prix__-vrai.png 132w, https:\/\/cftpl.ifpam-formations.com\/wp-content\/uploads\/2021\/05\/prix__-vrai-100x100.png 100w\" sizes=\"(max-width: 132px) 100vw, 132px\" \/><\/figure><div class=\"elementor-image-box-content\"><h3 class=\"elementor-image-box-title\">195 000 FCFA<\/h3><p class=\"elementor-image-box-description\">3 semaines<\/p><\/div><\/div>\t\t<\/div>\n\t\t\t\t<\/div>\n\t\t\t\t<div class=\"elementor-element elementor-element-9be92c4 elementor-position-left elementor-vertical-align-middle elementor-widget elementor-widget-image-box\" data-id=\"9be92c4\" data-element_type=\"widget\" data-widget_type=\"image-box.default\">\n\t\t\t\t<div class=\"elementor-widget-container\">\n\t\t\t<div class=\"elementor-image-box-wrapper\"><figure class=\"elementor-image-box-img\"><img width=\"132\" height=\"131\" src=\"https:\/\/cftpl.ifpam-formations.com\/wp-content\/uploads\/2021\/05\/prix__-vrai.png\" class=\"attachment-full size-full\" alt=\"\" loading=\"lazy\" srcset=\"https:\/\/cftpl.ifpam-formations.com\/wp-content\/uploads\/2021\/05\/prix__-vrai.png 132w, https:\/\/cftpl.ifpam-formations.com\/wp-content\/uploads\/2021\/05\/prix__-vrai-100x100.png 100w\" sizes=\"(max-width: 132px) 100vw, 132px\" \/><\/figure><div class=\"elementor-image-box-content\"><h3 class=\"elementor-image-box-title\">215 000 FCFA<\/h3><p class=\"elementor-image-box-description\"> 4 semaines<\/p><\/div><\/div>\t\t<\/div>\n\t\t\t\t<\/div>\n\t\t\t\t\t<\/div>\n\t\t<\/div>\n\t\t\t\t\t\t\t<\/div>\n\t\t<\/section>\n\t\t\t\t<section data-particle_enable=\"false\" data-particle-mobile-disabled=\"false\" class=\"elementor-section elementor-top-section elementor-element elementor-element-851aeb9 elementor-section-boxed elementor-section-height-default elementor-section-height-default\" data-id=\"851aeb9\" data-element_type=\"section\">\n\t\t\t\t\t\t<div class=\"elementor-container elementor-column-gap-default\">\n\t\t\t\t\t<div class=\"elementor-column elementor-col-100 elementor-top-column elementor-element elementor-element-4904d3a\" data-id=\"4904d3a\" data-element_type=\"column\">\n\t\t\t<div class=\"elementor-widget-wrap elementor-element-populated\">\n\t\t\t\t\t\t\t\t<div class=\"elementor-element elementor-element-3d7ed0d elementor-widget elementor-widget-spacer\" data-id=\"3d7ed0d\" data-element_type=\"widget\" data-widget_type=\"spacer.default\">\n\t\t\t\t<div class=\"elementor-widget-container\">\n\t\t\t\t\t<div class=\"elementor-spacer\">\n\t\t\t<div class=\"elementor-spacer-inner\"><\/div>\n\t\t<\/div>\n\t\t\t\t<\/div>\n\t\t\t\t<\/div>\n\t\t\t\t\t<\/div>\n\t\t<\/div>\n\t\t\t\t\t\t\t<\/div>\n\t\t<\/section>\n\t\t\t\t<section data-particle_enable=\"false\" data-particle-mobile-disabled=\"false\" class=\"elementor-section elementor-top-section elementor-element elementor-element-5b47739 elementor-section-boxed elementor-section-height-default elementor-section-height-default\" data-id=\"5b47739\" data-element_type=\"section\">\n\t\t\t\t\t\t<div class=\"elementor-container elementor-column-gap-default\">\n\t\t\t\t\t<div class=\"elementor-column elementor-col-100 elementor-top-column elementor-element elementor-element-907307e\" data-id=\"907307e\" data-element_type=\"column\">\n\t\t\t<div class=\"elementor-widget-wrap elementor-element-populated\">\n\t\t\t\t\t\t\t\t<div class=\"elementor-element elementor-element-58a07b2 elementor-widget elementor-widget-heading\" data-id=\"58a07b2\" data-element_type=\"widget\" data-widget_type=\"heading.default\">\n\t\t\t\t<div class=\"elementor-widget-container\">\n\t\t\t<h2 class=\"elementor-heading-title elementor-size-default\">LE CONTRAT CFPTL\n<\/h2>\t\t<\/div>\n\t\t\t\t<\/div>\n\t\t\t\t<div class=\"elementor-element elementor-element-0068c79 elementor-widget-divider--view-line elementor-widget elementor-widget-divider\" data-id=\"0068c79\" data-element_type=\"widget\" data-widget_type=\"divider.default\">\n\t\t\t\t<div class=\"elementor-widget-container\">\n\t\t\t\t\t<div class=\"elementor-divider\">\n\t\t\t<span class=\"elementor-divider-separator\">\n\t\t\t\t\t\t<\/span>\n\t\t<\/div>\n\t\t\t\t<\/div>\n\t\t\t\t<\/div>\n\t\t\t\t\t<\/div>\n\t\t<\/div>\n\t\t\t\t\t\t\t<\/div>\n\t\t<\/section>\n\t\t\t\t<section data-particle_enable=\"false\" data-particle-mobile-disabled=\"false\" class=\"elementor-section elementor-top-section elementor-element elementor-element-e922c96 elementor-section-boxed elementor-section-height-default elementor-section-height-default\" data-id=\"e922c96\" data-element_type=\"section\">\n\t\t\t\t\t\t<div class=\"elementor-container elementor-column-gap-default\">\n\t\t\t\t\t<div class=\"elementor-column elementor-col-100 elementor-top-column elementor-element elementor-element-b916bea\" data-id=\"b916bea\" data-element_type=\"column\">\n\t\t\t<div class=\"elementor-widget-wrap elementor-element-populated\">\n\t\t\t\t\t\t\t\t<div class=\"elementor-element elementor-element-1f0ae89 elementor-widget elementor-widget-text-editor\" data-id=\"1f0ae89\" data-element_type=\"widget\" data-widget_type=\"text-editor.default\">\n\t\t\t\t<div class=\"elementor-widget-container\">\n\t\t\t\t\t<div class=\"elementor-text-editor elementor-clearfix\">Si vous avez pris le contrat CFPTL, vous \u00eates pr\u00e9sent\u00e9s \u00e0 l\u2019examen, en cas d\u2019\u00e9chec, \u00e0 2 autres sessions dans les 2 ans qui\nsuivent le d\u00e9but de votre 1er stage, sans suppl\u00e9ment de prix \u00e0 la seule condition d\u2019\u00eatre assidu aux cours et de vous \u00eatre\npr\u00e9sent\u00e9 \u00e0 l\u2019examen en fin du ou des stages et de participer \u00e0 nouveau au cours dans les mati\u00e8res \u00e0 rattraper. Il n\u2019existe\nque pour les formules : 4 semaines ; 6 samedis plus 1 semaine.\n<\/div>\n\t\t\t\t<\/div>\n\t\t\t\t<\/div>\n\t\t\t\t\t<\/div>\n\t\t<\/div>\n\t\t\t\t\t\t\t<\/div>\n\t\t<\/section>\n\t\t\t\t<section data-particle_enable=\"false\" data-particle-mobile-disabled=\"false\" class=\"elementor-section elementor-top-section elementor-element elementor-element-f1b1671 elementor-section-boxed elementor-section-height-default elementor-section-height-default\" data-id=\"f1b1671\" data-element_type=\"section\">\n\t\t\t\t\t\t<div class=\"elementor-container elementor-column-gap-default\">\n\t\t\t\t\t<div class=\"elementor-column elementor-col-100 elementor-top-column elementor-element elementor-element-8b63364\" data-id=\"8b63364\" data-element_type=\"column\">\n\t\t\t<div class=\"elementor-widget-wrap elementor-element-populated\">\n\t\t\t\t\t\t\t\t<div class=\"elementor-element elementor-element-5275ba5 elementor-widget elementor-widget-spacer\" data-id=\"5275ba5\" data-element_type=\"widget\" data-widget_type=\"spacer.default\">\n\t\t\t\t<div class=\"elementor-widget-container\">\n\t\t\t\t\t<div class=\"elementor-spacer\">\n\t\t\t<div class=\"elementor-spacer-inner\"><\/div>\n\t\t<\/div>\n\t\t\t\t<\/div>\n\t\t\t\t<\/div>\n\t\t\t\t\t<\/div>\n\t\t<\/div>\n\t\t\t\t\t\t\t<\/div>\n\t\t<\/section>\n\t\t\t\t\t\t<\/div>\n\t\t\t\t\t<\/div>\n\t\t","protected":false},"excerpt":{"rendered":"<p>CONTRAT CFPTL POUR CES STAGES En cas d\u2019\u00e9chec \u00e0 l\u2019examen, deux (2) autres possibilit\u00e9s de pr\u00e9paration et de pr\u00e9sentation dans les deux (2) ans. Co\u00fbt du contrat de formation : 600 000 FCFA. Il faut pr\u00e9voir 5 jours ouvrables (40h).&hellip;&nbsp;<a href=\"https:\/\/cftpl.ifpam-formations.com\/index.php\/nos-formules-de-stages\/\" class=\"more-link\">Read More<\/a><\/p>\n","protected":false},"author":1,"featured_media":0,"parent":0,"menu_order":0,"comment_status":"closed","ping_status":"closed","template":"elementor_header_footer","meta":{"om_disable_all_campaigns":false,"_monsterinsights_skip_tracking":false,"_monsterinsights_sitenote_active":false,"_monsterinsights_sitenote_note":"","_monsterinsights_sitenote_category":0},"_links":{"self":[{"href":"https:\/\/cftpl.ifpam-formations.com\/index.php\/wp-json\/wp\/v2\/pages\/206"}],"collection":[{"href":"https:\/\/cftpl.ifpam-formations.com\/index.php\/wp-json\/wp\/v2\/pages"}],"about":[{"href":"https:\/\/cftpl.ifpam-formations.com\/index.php\/wp-json\/wp\/v2\/types\/page"}],"author":[{"embeddable":true,"href":"https:\/\/cftpl.ifpam-formations.com\/index.php\/wp-json\/wp\/v2\/users\/1"}],"replies":[{"embeddable":true,"href":"https:\/\/cftpl.ifpam-formations.com\/index.php\/wp-json\/wp\/v2\/comments?post=206"}],"version-history":[{"count":46,"href":"https:\/\/cftpl.ifpam-formations.com\/index.php\/wp-json\/wp\/v2\/pages\/206\/revisions"}],"predecessor-version":[{"id":1397,"href":"https:\/\/cftpl.ifpam-formations.com\/index.php\/wp-json\/wp\/v2\/pages\/206\/revisions\/1397"}],"wp:attachment":[{"href":"https:\/\/cftpl.ifpam-formations.com\/index.php\/wp-json\/wp\/v2\/media?parent=206"}],"curies":[{"name":"wp","href":"https:\/\/api.w.org\/{rel}","templated":true}]}}