{"id":20,"date":"2021-05-12T14:45:54","date_gmt":"2021-05-12T12:45:54","guid":{"rendered":"http:\/\/cftpl.ifpam-formations.com\/?page_id=20"},"modified":"2021-06-18T00:48:05","modified_gmt":"2021-06-17T22:48:05","slug":"trouver-une-formation","status":"publish","type":"page","link":"https:\/\/cftpl.ifpam-formations.com\/index.php\/trouver-une-formation\/","title":{"rendered":"Trouver une formation"},"content":{"rendered":"\t\t<div data-elementor-type=\"wp-page\" data-elementor-id=\"20\" class=\"elementor elementor-20\" data-elementor-settings=\"[]\">\n\t\t\t\t\t\t\t<div class=\"elementor-section-wrap\">\n\t\t\t\t\t\t\t<section data-particle_enable=\"false\" data-particle-mobile-disabled=\"false\" class=\"elementor-section elementor-top-section elementor-element elementor-element-7d80c5f elementor-section-boxed elementor-section-height-default elementor-section-height-default\" data-id=\"7d80c5f\" data-element_type=\"section\">\n\t\t\t\t\t\t<div class=\"elementor-container elementor-column-gap-default\">\n\t\t\t\t\t<div class=\"elementor-column elementor-col-100 elementor-top-column elementor-element elementor-element-b54865a\" data-id=\"b54865a\" data-element_type=\"column\">\n\t\t\t<div class=\"elementor-widget-wrap elementor-element-populated\">\n\t\t\t\t\t\t\t\t<div class=\"elementor-element elementor-element-7b04896 elementor-grid-3 elementor-grid-tablet-2 elementor-grid-mobile-1 elementor-widget elementor-widget-eael-dynamic-filterable-gallery\" data-id=\"7b04896\" data-element_type=\"widget\" data-settings=\"{&quot;eael_fg_columns&quot;:&quot;3&quot;,&quot;eael_fg_columns_tablet&quot;:&quot;2&quot;,&quot;eael_fg_columns_mobile&quot;:&quot;1&quot;}\" data-widget_type=\"eael-dynamic-filterable-gallery.default\">\n\t\t\t\t<div class=\"elementor-widget-container\">\n\t\t\t<div id=\"eael-filter-gallery-wrapper-7b04896\" class=\"eael-filter-gallery-wrapper\"><div class=\"eael-filter-gallery-control\">\n                    <ul>\n                        <li class=\"control active\" data-filter=\"*\">All<\/li><li class=\"control\" data-filter=\".transport-aerien\">TRANSPORT AERIEN<\/li><li class=\"control\" data-filter=\".transport-ferroviaire\">Transport ferroviaire<\/li><li class=\"control\" data-filter=\".transport-maritime-et-fluvial\">Transport maritime et fluvial<\/li><li class=\"control\" data-filter=\".transport-routier\">Transport routier<\/li><li class=\"control\" data-filter=\".nos-formations-speciales\">Nos formations sp\u00e9ciales<\/li><\/ul>\n                <\/div><div class=\"eael-filter-gallery-container eael-post-appender eael-post-appender-7b04896 grid eael-hoverer 3\" data-settings=\"{&quot;item_style&quot;:&quot;eael-hoverer&quot;,&quot;duration&quot;:500,&quot;layout_mode&quot;:&quot;grid&quot;}\"><div class=\"dynamic-gallery-item transport-routier transport-routier\">\n            <div class=\"dynamic-gallery-item-inner\">\n                <div class=\"dynamic-gallery-thumbnail\"><img src=\"https:\/\/cftpl.ifpam-formations.com\/wp-content\/uploads\/2021\/05\/transport-des-voyageurs-300x200.jpg\" alt=\"\"><div class=\"caption eael-fade-in \"><div class=\"item-content\"><h2 class=\"title\"><a href=\"https:\/\/cftpl.ifpam-formations.com\/index.php\/transport-routier-de-voyageurs\/\">Transport routier de voyageurs<\/a><\/h2><p>DESCRIPTION (CLIQUER POUR AFFICHER LES D\u00c9TAILS) Page en construction OBJECTIFS DE FORMATION<a class=\"eael_post_excerpt_read_more\" href=\"https:\/\/cftpl.ifpam-formations.com\/index.php\/transport-routier-de-voyageurs\/\"> Read More<\/a><\/p><\/div><div class=\"buttons\"><a href=\"https:\/\/cftpl.ifpam-formations.com\/wp-content\/uploads\/2021\/05\/transport-des-voyageurs.jpg\" class=\"eael-magnific-link\"><i class=\"fas fa-search-plus\"><\/i><\/a><a href=\"https:\/\/cftpl.ifpam-formations.com\/index.php\/transport-routier-de-voyageurs\/\"><i class=\"fas fa-link\"><\/i><\/a><\/div><\/div><\/div>\n            <\/div>\n        <\/div><div class=\"dynamic-gallery-item non-classe transport-routier non-classe transport-routier\">\n            <div class=\"dynamic-gallery-item-inner\">\n                <div class=\"dynamic-gallery-thumbnail\"><img src=\"https:\/\/cftpl.ifpam-formations.com\/wp-content\/uploads\/2021\/05\/transport25-300x159.jpg\" alt=\"\"><div class=\"caption eael-fade-in \"><div class=\"item-content\"><h2 class=\"title\"><a href=\"https:\/\/cftpl.ifpam-formations.com\/index.php\/transport-routier-de-marchandises\/\">Transport routier de marchandises et location des v\u00e9hicules individuels et industriels<\/a><\/h2><p>DESCRIPTION (CLIQUER POUR AFFICHER LES D\u00c9TAILS) Page en construction OBJECTIFS DE FORMATION<a class=\"eael_post_excerpt_read_more\" href=\"https:\/\/cftpl.ifpam-formations.com\/index.php\/transport-routier-de-marchandises\/\"> Read More<\/a><\/p><\/div><div class=\"buttons\"><a href=\"https:\/\/cftpl.ifpam-formations.com\/wp-content\/uploads\/2021\/05\/transport25.jpg\" class=\"eael-magnific-link\"><i class=\"fas fa-search-plus\"><\/i><\/a><a href=\"https:\/\/cftpl.ifpam-formations.com\/index.php\/transport-routier-de-marchandises\/\"><i class=\"fas fa-link\"><\/i><\/a><\/div><\/div><\/div>\n            <\/div>\n        <\/div><div class=\"dynamic-gallery-item transport-routier transport-routier\">\n            <div class=\"dynamic-gallery-item-inner\">\n                <div class=\"dynamic-gallery-thumbnail\"><img src=\"https:\/\/cftpl.ifpam-formations.com\/wp-content\/uploads\/2021\/05\/transport30-300x179.jpg\" alt=\"\"><div class=\"caption eael-fade-in \"><div class=\"item-content\"><h2 class=\"title\"><a href=\"https:\/\/cftpl.ifpam-formations.com\/index.php\/transppport-exceptionnel-et-matieres-dangereuses\/\">TRANSPORT EXCEPTIONNEL ET MATIERES DANGEREUSES<\/a><\/h2><p>DESCRIPTION (CLIQUER POUR AFFICHER LES D\u00c9TAILS) Page en construction OBJECTIFS DE FORMATION<a class=\"eael_post_excerpt_read_more\" href=\"https:\/\/cftpl.ifpam-formations.com\/index.php\/transppport-exceptionnel-et-matieres-dangereuses\/\"> Read More<\/a><\/p><\/div><div class=\"buttons\"><a href=\"https:\/\/cftpl.ifpam-formations.com\/wp-content\/uploads\/2021\/05\/transport30.jpg\" class=\"eael-magnific-link\"><i class=\"fas fa-search-plus\"><\/i><\/a><a href=\"https:\/\/cftpl.ifpam-formations.com\/index.php\/transppport-exceptionnel-et-matieres-dangereuses\/\"><i class=\"fas fa-link\"><\/i><\/a><\/div><\/div><\/div>\n            <\/div>\n        <\/div><div class=\"dynamic-gallery-item transport-aerien transport-aerien\">\n            <div class=\"dynamic-gallery-item-inner\">\n                <div class=\"dynamic-gallery-thumbnail\"><img src=\"https:\/\/cftpl.ifpam-formations.com\/wp-content\/uploads\/2021\/05\/28218hr_-592x296-1-300x150.jpg\" alt=\"\"><div class=\"caption eael-fade-in \"><div class=\"item-content\"><h2 class=\"title\"><a href=\"https:\/\/cftpl.ifpam-formations.com\/index.php\/securite-dans-les-aeroports\/\">S\u00e9curit\u00e9 dans les a\u00e9roports<\/a><\/h2><p>DESCRIPTION (CLIQUER POUR AFFICHER LES D\u00c9TAILS) Page en construction OBJECTIFS DE FORMATION<a class=\"eael_post_excerpt_read_more\" href=\"https:\/\/cftpl.ifpam-formations.com\/index.php\/securite-dans-les-aeroports\/\"> Read More<\/a><\/p><\/div><div class=\"buttons\"><a href=\"https:\/\/cftpl.ifpam-formations.com\/wp-content\/uploads\/2021\/05\/28218hr_-592x296-1.jpg\" class=\"eael-magnific-link\"><i class=\"fas fa-search-plus\"><\/i><\/a><a href=\"https:\/\/cftpl.ifpam-formations.com\/index.php\/securite-dans-les-aeroports\/\"><i class=\"fas fa-link\"><\/i><\/a><\/div><\/div><\/div>\n            <\/div>\n        <\/div><div class=\"dynamic-gallery-item nos-formations-speciales nos-formations-speciales\">\n            <div class=\"dynamic-gallery-item-inner\">\n                <div class=\"dynamic-gallery-thumbnail\"><img src=\"https:\/\/cftpl.ifpam-formations.com\/wp-content\/uploads\/2021\/05\/securite-chariot-300x200.jpg\" alt=\"\"><div class=\"caption eael-fade-in \"><div class=\"item-content\"><h2 class=\"title\"><a href=\"https:\/\/cftpl.ifpam-formations.com\/index.php\/securite-chariots-elevateurs\/\">SECURITE CHARIOTS ELEVATEURS<\/a><\/h2><p>DESCRIPTION (CLIQUER POUR AFFICHER LES D\u00c9TAILS) Page en construction OBJECTIFS DE FORMATION<a class=\"eael_post_excerpt_read_more\" href=\"https:\/\/cftpl.ifpam-formations.com\/index.php\/securite-chariots-elevateurs\/\"> Read More<\/a><\/p><\/div><div class=\"buttons\"><a href=\"https:\/\/cftpl.ifpam-formations.com\/wp-content\/uploads\/2021\/05\/securite-chariot.jpg\" class=\"eael-magnific-link\"><i class=\"fas fa-search-plus\"><\/i><\/a><a href=\"https:\/\/cftpl.ifpam-formations.com\/index.php\/securite-chariots-elevateurs\/\"><i class=\"fas fa-link\"><\/i><\/a><\/div><\/div><\/div>\n            <\/div>\n        <\/div><div class=\"dynamic-gallery-item nos-formations-speciales nos-formations-speciales\">\n            <div class=\"dynamic-gallery-item-inner\">\n                <div class=\"dynamic-gallery-thumbnail\"><img src=\"https:\/\/cftpl.ifpam-formations.com\/wp-content\/uploads\/2021\/05\/transport22-300x238.jpg\" alt=\"\"><div class=\"caption eael-fade-in \"><div class=\"item-content\"><h2 class=\"title\"><a href=\"https:\/\/cftpl.ifpam-formations.com\/index.php\/securite-cariste\/\">SECURITE CARISTE<\/a><\/h2><p>DESCRIPTION (CLIQUER POUR AFFICHER LES D\u00c9TAILS) Page en construction OBJECTIFS DE FORMATION<a class=\"eael_post_excerpt_read_more\" href=\"https:\/\/cftpl.ifpam-formations.com\/index.php\/securite-cariste\/\"> Read More<\/a><\/p><\/div><div class=\"buttons\"><a href=\"https:\/\/cftpl.ifpam-formations.com\/wp-content\/uploads\/2021\/05\/transport22.jpg\" class=\"eael-magnific-link\"><i class=\"fas fa-search-plus\"><\/i><\/a><a href=\"https:\/\/cftpl.ifpam-formations.com\/index.php\/securite-cariste\/\"><i class=\"fas fa-link\"><\/i><\/a><\/div><\/div><\/div>\n            <\/div>\n        <\/div><div class=\"dynamic-gallery-item nos-formations-speciales nos-formations-speciales\">\n            <div class=\"dynamic-gallery-item-inner\">\n                <div class=\"dynamic-gallery-thumbnail\"><img src=\"https:\/\/cftpl.ifpam-formations.com\/wp-content\/uploads\/2021\/05\/li-300x200.jpg\" alt=\"\"><div class=\"caption eael-fade-in \"><div class=\"item-content\"><h2 class=\"title\"><a href=\"https:\/\/cftpl.ifpam-formations.com\/index.php\/pratique-en-livraison-clientele\/\">PRATIQUE EN LIVRAISON CLIENTELE<\/a><\/h2><p>DESCRIPTION (CLIQUER POUR AFFICHER LES D\u00c9TAILS) Page en construction OBJECTIFS DE FORMATION<a class=\"eael_post_excerpt_read_more\" href=\"https:\/\/cftpl.ifpam-formations.com\/index.php\/pratique-en-livraison-clientele\/\"> Read More<\/a><\/p><\/div><div class=\"buttons\"><a href=\"https:\/\/cftpl.ifpam-formations.com\/wp-content\/uploads\/2021\/05\/li.jpg\" class=\"eael-magnific-link\"><i class=\"fas fa-search-plus\"><\/i><\/a><a href=\"https:\/\/cftpl.ifpam-formations.com\/index.php\/pratique-en-livraison-clientele\/\"><i class=\"fas fa-link\"><\/i><\/a><\/div><\/div><\/div>\n            <\/div>\n        <\/div><div class=\"dynamic-gallery-item transport-maritime-et-fluvial transport-maritime-et-fluvial\">\n            <div class=\"dynamic-gallery-item-inner\">\n                <div class=\"dynamic-gallery-thumbnail\"><img src=\"https:\/\/cftpl.ifpam-formations.com\/wp-content\/uploads\/2021\/05\/pilotemari-300x200.jpg\" alt=\"\"><div class=\"caption eael-fade-in \"><div class=\"item-content\"><h2 class=\"title\"><a href=\"https:\/\/cftpl.ifpam-formations.com\/index.php\/pilote-maritime\/\">Pilote maritime<\/a><\/h2><p>DEMANDE D&#8217;INSCRIPTION!<\/p><\/div><div class=\"buttons\"><a href=\"https:\/\/cftpl.ifpam-formations.com\/wp-content\/uploads\/2021\/05\/pilotemari.jpg\" class=\"eael-magnific-link\"><i class=\"fas fa-search-plus\"><\/i><\/a><a href=\"https:\/\/cftpl.ifpam-formations.com\/index.php\/pilote-maritime\/\"><i class=\"fas fa-link\"><\/i><\/a><\/div><\/div><\/div>\n            <\/div>\n        <\/div><div class=\"dynamic-gallery-item nos-formations-speciales nos-formations-speciales\">\n            <div class=\"dynamic-gallery-item-inner\">\n                <div class=\"dynamic-gallery-thumbnail\"><img src=\"https:\/\/cftpl.ifpam-formations.com\/wp-content\/uploads\/2021\/05\/permis-c-1-300x212.jpg\" alt=\"\"><div class=\"caption eael-fade-in \"><div class=\"item-content\"><h2 class=\"title\"><a href=\"https:\/\/cftpl.ifpam-formations.com\/index.php\/permit-ec-40-t\/\">PERMIS E(C) \u2013 40 T<\/a><\/h2><p>DESCRIPTION (CLIQUER POUR AFFICHER LES D\u00c9TAILS) Page en construction OBJECTIFS DE FORMATION<a class=\"eael_post_excerpt_read_more\" href=\"https:\/\/cftpl.ifpam-formations.com\/index.php\/permit-ec-40-t\/\"> Read More<\/a><\/p><\/div><div class=\"buttons\"><a href=\"https:\/\/cftpl.ifpam-formations.com\/wp-content\/uploads\/2021\/05\/permis-c-1.jpg\" class=\"eael-magnific-link\"><i class=\"fas fa-search-plus\"><\/i><\/a><a href=\"https:\/\/cftpl.ifpam-formations.com\/index.php\/permit-ec-40-t\/\"><i class=\"fas fa-link\"><\/i><\/a><\/div><\/div><\/div>\n            <\/div>\n        <\/div><div class=\"dynamic-gallery-item nos-formations-speciales nos-formations-speciales\">\n            <div class=\"dynamic-gallery-item-inner\">\n                <div class=\"dynamic-gallery-thumbnail\"><img src=\"https:\/\/cftpl.ifpam-formations.com\/wp-content\/uploads\/2021\/05\/permis-c-1-300x212.jpg\" alt=\"\"><div class=\"caption eael-fade-in \"><div class=\"item-content\"><h2 class=\"title\"><a href=\"https:\/\/cftpl.ifpam-formations.com\/index.php\/permit-d-autobus\/\">PERMIS D &#8211; AUTOBUS<\/a><\/h2><p>DESCRIPTION (CLIQUER POUR AFFICHER LES D\u00c9TAILS) Page en construction OBJECTIFS DE FORMATION<a class=\"eael_post_excerpt_read_more\" href=\"https:\/\/cftpl.ifpam-formations.com\/index.php\/permit-d-autobus\/\"> Read More<\/a><\/p><\/div><div class=\"buttons\"><a href=\"https:\/\/cftpl.ifpam-formations.com\/wp-content\/uploads\/2021\/05\/permis-c-1.jpg\" class=\"eael-magnific-link\"><i class=\"fas fa-search-plus\"><\/i><\/a><a href=\"https:\/\/cftpl.ifpam-formations.com\/index.php\/permit-d-autobus\/\"><i class=\"fas fa-link\"><\/i><\/a><\/div><\/div><\/div>\n            <\/div>\n        <\/div><\/div><\/div>\t\t<\/div>\n\t\t\t\t<\/div>\n\t\t\t\t\t<\/div>\n\t\t<\/div>\n\t\t\t\t\t\t\t<\/div>\n\t\t<\/section>\n\t\t\t\t\t\t<\/div>\n\t\t\t\t\t<\/div>\n\t\t","protected":false},"excerpt":{"rendered":"<p>All TRANSPORT AERIEN Transport ferroviaire Transport maritime et fluvial Transport routier Nos formations sp\u00e9ciales Transport routier de voyageurs DESCRIPTION (CLIQUER POUR AFFICHER LES D\u00c9TAILS) Page en construction OBJECTIFS DE FORMATION Read More Transport routier de marchandises et location des v\u00e9hicules&hellip;&nbsp;<a href=\"https:\/\/cftpl.ifpam-formations.com\/index.php\/permit-d-autobus\/\" class=\"more-link\">Read More<\/a><\/p>\n","protected":false},"author":1,"featured_media":0,"parent":0,"menu_order":0,"comment_status":"closed","ping_status":"closed","template":"elementor_header_footer","meta":{"om_disable_all_campaigns":false,"_monsterinsights_skip_tracking":false,"_monsterinsights_sitenote_active":false,"_monsterinsights_sitenote_note":"","_monsterinsights_sitenote_category":0},"_links":{"self":[{"href":"https:\/\/cftpl.ifpam-formations.com\/index.php\/wp-json\/wp\/v2\/pages\/20"}],"collection":[{"href":"https:\/\/cftpl.ifpam-formations.com\/index.php\/wp-json\/wp\/v2\/pages"}],"about":[{"href":"https:\/\/cftpl.ifpam-formations.com\/index.php\/wp-json\/wp\/v2\/types\/page"}],"author":[{"embeddable":true,"href":"https:\/\/cftpl.ifpam-formations.com\/index.php\/wp-json\/wp\/v2\/users\/1"}],"replies":[{"embeddable":true,"href":"https:\/\/cftpl.ifpam-formations.com\/index.php\/wp-json\/wp\/v2\/comments?post=20"}],"version-history":[{"count":19,"href":"https:\/\/cftpl.ifpam-formations.com\/index.php\/wp-json\/wp\/v2\/pages\/20\/revisions"}],"predecessor-version":[{"id":1910,"href":"https:\/\/cftpl.ifpam-formations.com\/index.php\/wp-json\/wp\/v2\/pages\/20\/revisions\/1910"}],"wp:attachment":[{"href":"https:\/\/cftpl.ifpam-formations.com\/index.php\/wp-json\/wp\/v2\/media?parent=20"}],"curies":[{"name":"wp","href":"https:\/\/api.w.org\/{rel}","templated":true}]}}