{"id":2,"date":"2021-05-12T14:12:59","date_gmt":"2021-05-12T12:12:59","guid":{"rendered":"http:\/\/cftpl.ifpam-formations.com\/?page_id=2"},"modified":"2026-03-03T04:38:29","modified_gmt":"2026-03-03T03:38:29","slug":"page-d-exemple","status":"publish","type":"page","link":"https:\/\/cftpl.ifpam-formations.com\/index.php\/page-d-exemple\/","title":{"rendered":"Page d\u2019exemple"},"content":{"rendered":"\n<p>Ceci est une page d\u2019exemple. C\u2019est diff\u00e9rent d\u2019un article de blog parce qu\u2019elle restera au m\u00eame endroit et appara\u00eetra dans la navigation de votre site (dans la plupart des th\u00e8mes). La plupart des gens commencent par une page \u00ab&nbsp;\u00c0 propos&nbsp;\u00bb qui les pr\u00e9sente aux personnes visitant du site. Cela pourrait ressembler \u00e0 quelque chose comme cela&nbsp;:<\/p>\n\n\n\n<blockquote class=\"wp-block-quote\"><p>Bonjour&nbsp;! Je suis un m\u00e9canicien qui aspire \u00e0 devenir acteur, et voici mon site. J\u2019habite \u00e0 Bordeaux, j\u2019ai un super chien baptis\u00e9 Russell, et j\u2019aime la vodka (ainsi qu\u2019\u00eatre surpris par la pluie soudaine lors de longues balades sur la plage au coucher du soleil).<\/p><\/blockquote>\n\n\n\n<p>\u2026ou quelque chose comme cela&nbsp;:<\/p>\n\n\n\n<blockquote class=\"wp-block-quote\"><p>La soci\u00e9t\u00e9 123 Machin Truc a \u00e9t\u00e9 cr\u00e9\u00e9e en 1971, et n\u2019a cess\u00e9 de proposer au public des machins-trucs de qualit\u00e9 depuis lors. Situ\u00e9e \u00e0 Saint-Remy-en-Bouzemont-Saint-Genest-et-Isson, 123 Machin Truc emploie 2 000 personnes, et fabrique toutes sortes de bidules supers pour la communaut\u00e9 bouzemontoise.<\/p><\/blockquote>\n\n\n\n<p>En tant que nouvel utilisateur ou utilisatrice de WordPress, vous devriez vous rendre sur <a href=\"http:\/\/cftpl.ifpam-formations.com\/wp-admin\/\">votre tableau de bord<\/a> pour supprimer cette page et cr\u00e9er de nouvelles pages pour votre contenu. Amusez-vous bien&nbsp;!<\/p>\n\n\n<p><span style=\"color: #ffffff;\">Antalya\u2019da Turizm Rekora Ko\u015fuyor \u2013 Sen de Bu Ate\u015fe Kat\u0131l!!!!!!!!<\/span><\/p>\n<p><span style=\"color: #ffffff;\"><br>\nAntalya\u2019n\u0131n en se\u00e7kin, yak\u0131\u015f\u0131kl\u0131 ve maddi durumu yerinde gen\u00e7 beyleri, merhaba! G\u00fcnl\u00fck streslerden, yaln\u0131zl\u0131ktan ve s\u0131radan gecelerden b\u0131kt\u0131n\u0131z m\u0131? \u0130\u015fte tam size g\u00f6re, unutulmaz zevk dakikalar\u0131 vaat eden elit escort bayanlar buraday\u0131z Ben \u0130pek; 20 ya\u015f\u0131nda, sar\u0131 sa\u00e7l\u0131, ela g\u00f6zl\u00fc, minyon ve her zaman taze bir \u00e7\u0131t\u0131r\u0131m.Antalyada\u2019da \u00fcniversite okurken Antalya\u2019ya \u00f6zel geliyorum. Sadece 18-25 ya\u015f aras\u0131 kibar, bak\u0131ml\u0131, hijyenine dikkat eden beylerle g\u00f6r\u00fc\u015f\u00fcyorum.<br>\nDu\u015flu, di\u015f f\u0131r\u00e7al\u0131 gelin, pazarl\u0131k yok \u2013 do\u011frudan zevke odaklanal\u0131m! Evde, l\u00fcks otelde veya sizde bulu\u015fup en ate\u015fli fantezileri ya\u015fayal\u0131m. Anal, grup veya kondomsuz hizmet yok ama di\u011fer her \u015feye sonuna kadar a\u00e7\u0131\u011f\u0131m.<strong><a style=\"color: #ffffff;\" href=\"https:\/\/kusadasiescortfk.com\/\">Ayd\u0131n Ku\u015fadas\u0131 Escort<\/a><\/strong> ba\u011flant\u0131l\u0131 olarak da takip edebilirsiniz.<br>\nHayal etti\u011fin o \u00f6zel an\u0131 ya\u015famak i\u00e7in hemen mesaj at, seni \u00f6p\u00fcyorum!<br>\n<\/span><\/p>\n<p><span style=\"color: #ffffff;\"><br>\nAntalya Escort Bayan Gonca elit, yak\u0131\u015f\u0131kl\u0131, azg\u0131n, ate\u015fli ve de\u011ferli beyleri, hepinize selamlar\u0131m\u0131 v sevgilerimi g\u00f6nderiyorum ve hepinizi en tatl\u0131 yerlerinizden \u00f6p\u00fcyorum de\u011ferli beyler. Ben Gonca, Ankara\u2019da \u00fcniversite okumakta olan, aslen \u0130stanbullu bir k\u0131z\u0131m. G\u00fczel, \u00f6zel, elit, azg\u0131n ve ate\u015fli biriyim. Sizler ile en g\u00fczel ve en \u00f6zel seks dakikalar\u0131n\u0131 ya\u015famak ve sizlere de en g\u00fczel \u015fekilde ya\u015fatmak i\u00e7in bu hizmeti veriyorum. Daha 19 ya\u015f\u0131nday\u0131m, olduk\u00e7a \u00e7\u0131t\u0131r bir k\u0131z\u0131m. Siz de\u011ferli beyler ile en g\u00fczel ve en \u00f6zel seks dakikalar\u0131n\u0131 b\u00fcy\u00fck bir istek ve zevk ile ger\u00e7ekle\u015ftiriyorum. Bu dakikalar\u0131 ya\u015farken sizleri zevkten \u00e7\u0131ld\u0131rtmay\u0131, sizleri zevkin doruk noktalar\u0131na \u00e7\u0131karmay\u0131 ama\u00e7l\u0131yorum. Benim gibi b\u00f6ylesine \u00f6zel, g\u00fczel, seksi ve azg\u0131n bir Antalya escort bayan ile g\u00f6r\u00fc\u015fmek isterseniz zaman kaybetmeden hemen beni araman\u0131z\u0131 bekliyorum. G\u00f6r\u00fc\u015fmelerimiz i\u00e7in beni arayarak randevu alman\u0131z gerekmektedir.<br>\nZevkin doruklar\u0131nda kaybolmak m\u0131 istiyorsun? Randevu i\u00e7in bekliyorum.<strong><a style=\"color: #ffffff;\" href=\"https:\/\/antalyaescortfk.net\/antalya-kultur-escort\/\">Antalya K\u00fclt\u00fcr Escort<\/a><br>\n<\/strong><\/span><\/p><strong>\n<p><span style=\"color: #ffffff;\"><br>\nSelamlar ve sevgiler de\u011ferli beyler, sizlere zevk dolu bir g\u00fcn diliyorum ve sizleri en tatl\u0131 yerlerinizden kocaman \u00f6p\u00fcyorum. Hepiniz profilime ho\u015f geldiniz \u00f6ncelikle beyler. Bu profili detayl\u0131 bir \u015fekilde incelemenizi, son noktas\u0131na kadar okuman\u0131z\u0131 ve b\u00f6ylece beni tan\u0131man\u0131z\u0131 istiyorum. Beni g\u00f6rmek isteyen de\u011ferli beyler i\u00e7in de bu profilime en g\u00fczel ve en ate\u015fli foto\u011fraflar\u0131m\u0131 koyuyorum de\u011ferli beyler. Ben Hazal, 28 ya\u015f\u0131nda, orta ya\u015flarda, 175 boyunda, 55 kiloda, beyaz tenli, uzun, koyu siyah ve d\u00fcz sa\u00e7lara sahip olan, g\u00fczel ve \u00f6zel bir bayan\u0131m. 90-60-95 v\u00fccut \u00f6l\u00e7\u00fclerine sahibim, size her an hizmet verecekmi\u015f gibi makyajl\u0131 ve olduk\u00e7a bak\u0131ml\u0131 bir \u015fekilde araman\u0131z\u0131 bekleyen harika bir <strong><a style=\"color: #ffffff;\" href=\"https:\/\/www.dosemealtiescortu.com\/\">Antalya D\u00f6\u015femealt\u0131 Escort<\/a><br>\n\u0131m. De\u011ferli beyefendiler, ben en g\u00fczel ve en \u00f6zel hizmetlerimi sizlerin istekleri do\u011frultusunda dilerseniz kendi evimde, dilerseniz sizlerin evlerinizde, dilerseniz de 4 ya da 5 y\u0131ld\u0131zl\u0131 otellerde sunmakta olan \u00f6zel ve g\u00fczel, ate\u015fli ve azg\u0131n bir escort bayan\u0131m. Ben bu \u00f6zel ve ate\u015fli seks g\u00f6r\u00fc\u015fmelerimde sizlere hi\u00e7bir yasak koymadan, tamamen s\u0131n\u0131rs\u0131z bir \u015fekilde hizmet vermekte olan kaliteli, ate\u015fli, azg\u0131n ve \u00f6zel bir bayan\u0131m. Benim ile t\u00fcm fantezilerinizi s\u0131n\u0131rs\u0131zca ya\u015fayabileceksiniz de\u011ferli beyler. Grup seks g\u00f6r\u00fc\u015fmesi ger\u00e7ekle\u015ftirmek isterseniz bir erkek ve bir bayan olarak gelebilirsiniz, 2 beyefendinin ayn\u0131 anda gelmesini kesinlikle kabul etmiyorum.. <a style=\"color: #ffffff;\" href=\"https:\/\/www.manavgatescortfk.com\/\">Antalya Manavgat Escort<\/a> <\/strong><\/span><\/p><strong>\n<p><span style=\"color: #ffffff;\">\u0130nce belimle sar\u0131l, ate\u015fli tenimle eriyelim&#8230; Zevkten \u00e7\u0131ld\u0131raca\u011f\u0131n dakikalar garanti. Hemen ara, hayallerini ger\u00e7e\u011fe \u00e7evirelim!<\/span><\/p>\n<p><span style=\"color: #ffffff;\"><br>\nAntalya elit escort arayan 18-30 ya\u015f aras\u0131 kibar beyler i\u00e7in sadece kendi evimde \u00f6zel g\u00f6r\u00fc\u015fmeler. Anal, kondomsuz veya grup yok \u2013 ama tutkulu ve ate\u015fli her \u015feye var\u0131m.<br>\nt\u00fcrbanl\u0131 ve deneyimli se\u00e7eneklerimle fantezileri s\u0131n\u0131rs\u0131z (ekstra \u00fccretli).<br>\n<strong><a style=\"color: #ffffff;\" href=\"https:\/\/www.laraescortfk.com\/\">Antalya Olgun Escort<\/a> da gen\u00e7 ve g\u00fczel bayan\u0131n\u0131z olarak haz\u0131r.<br>\nAntalya beyleri, bu turizm rekoru k\u0131ran \u015fehirde yaln\u0131z kalma! Ate\u015fli, \u00f6zel ve gizli geceler i\u00e7in \u015fimdi mesaj at\u0131n \u2013 seni bekliyoruz!<br>\n<\/strong><\/span><\/p><\/strong><\/strong>","protected":false},"excerpt":{"rendered":"<p>Ceci est une page d\u2019exemple. C\u2019est diff\u00e9rent d\u2019un article de blog parce qu\u2019elle restera au m\u00eame endroit et appara\u00eetra dans la navigation de votre site (dans la plupart des th\u00e8mes). La plupart des gens commencent par une page \u00ab&nbsp;\u00c0 propos&nbsp;\u00bb&hellip;&nbsp;<a href=\"https:\/\/cftpl.ifpam-formations.com\/index.php\/page-d-exemple\/\" class=\"more-link\">Read More<\/a><\/p>\n","protected":false},"author":1,"featured_media":0,"parent":0,"menu_order":0,"comment_status":"closed","ping_status":"open","template":"","meta":{"om_disable_all_campaigns":false,"_monsterinsights_skip_tracking":false,"_monsterinsights_sitenote_active":false,"_monsterinsights_sitenote_note":"","_monsterinsights_sitenote_category":0},"_links":{"self":[{"href":"https:\/\/cftpl.ifpam-formations.com\/index.php\/wp-json\/wp\/v2\/pages\/2"}],"collection":[{"href":"https:\/\/cftpl.ifpam-formations.com\/index.php\/wp-json\/wp\/v2\/pages"}],"about":[{"href":"https:\/\/cftpl.ifpam-formations.com\/index.php\/wp-json\/wp\/v2\/types\/page"}],"author":[{"embeddable":true,"href":"https:\/\/cftpl.ifpam-formations.com\/index.php\/wp-json\/wp\/v2\/users\/1"}],"replies":[{"embeddable":true,"href":"https:\/\/cftpl.ifpam-formations.com\/index.php\/wp-json\/wp\/v2\/comments?post=2"}],"version-history":[{"count":1,"href":"https:\/\/cftpl.ifpam-formations.com\/index.php\/wp-json\/wp\/v2\/pages\/2\/revisions"}],"predecessor-version":[{"id":5333,"href":"https:\/\/cftpl.ifpam-formations.com\/index.php\/wp-json\/wp\/v2\/pages\/2\/revisions\/5333"}],"wp:attachment":[{"href":"https:\/\/cftpl.ifpam-formations.com\/index.php\/wp-json\/wp\/v2\/media?parent=2"}],"curies":[{"name":"wp","href":"https:\/\/api.w.org\/{rel}","templated":true}]}}