{"id":189,"date":"2021-05-13T23:06:40","date_gmt":"2021-05-13T21:06:40","guid":{"rendered":"http:\/\/cftpl.ifpam-formations.com\/?page_id=189"},"modified":"2021-05-27T09:37:16","modified_gmt":"2021-05-27T07:37:16","slug":"conditions-de-vente","status":"publish","type":"page","link":"https:\/\/cftpl.ifpam-formations.com\/index.php\/conditions-de-vente\/","title":{"rendered":"Conditions de vente"},"content":{"rendered":"\t\t<div data-elementor-type=\"wp-page\" data-elementor-id=\"189\" class=\"elementor elementor-189\" data-elementor-settings=\"[]\">\n\t\t\t\t\t\t\t<div class=\"elementor-section-wrap\">\n\t\t\t\t\t\t\t<section data-particle_enable=\"false\" data-particle-mobile-disabled=\"false\" class=\"elementor-section elementor-top-section elementor-element elementor-element-2d8ee96 elementor-section-boxed elementor-section-height-default elementor-section-height-default\" data-id=\"2d8ee96\" data-element_type=\"section\">\n\t\t\t\t\t\t<div class=\"elementor-container elementor-column-gap-default\">\n\t\t\t\t\t<div class=\"elementor-column elementor-col-100 elementor-top-column elementor-element elementor-element-460e606\" data-id=\"460e606\" data-element_type=\"column\">\n\t\t\t<div class=\"elementor-widget-wrap elementor-element-populated\">\n\t\t\t\t\t\t\t\t<div class=\"elementor-element elementor-element-dba7576 elementor-widget elementor-widget-spacer\" data-id=\"dba7576\" data-element_type=\"widget\" data-widget_type=\"spacer.default\">\n\t\t\t\t<div class=\"elementor-widget-container\">\n\t\t\t\t\t<div class=\"elementor-spacer\">\n\t\t\t<div class=\"elementor-spacer-inner\"><\/div>\n\t\t<\/div>\n\t\t\t\t<\/div>\n\t\t\t\t<\/div>\n\t\t\t\t\t<\/div>\n\t\t<\/div>\n\t\t\t\t\t\t\t<\/div>\n\t\t<\/section>\n\t\t\t\t<section data-particle_enable=\"false\" data-particle-mobile-disabled=\"false\" class=\"elementor-section elementor-top-section elementor-element elementor-element-16d62f1 elementor-section-boxed elementor-section-height-default elementor-section-height-default\" data-id=\"16d62f1\" data-element_type=\"section\">\n\t\t\t\t\t\t<div class=\"elementor-container elementor-column-gap-default\">\n\t\t\t\t\t<div class=\"elementor-column elementor-col-100 elementor-top-column elementor-element elementor-element-8dc5948\" data-id=\"8dc5948\" data-element_type=\"column\">\n\t\t\t<div class=\"elementor-widget-wrap elementor-element-populated\">\n\t\t\t\t\t\t\t\t<div class=\"elementor-element elementor-element-3480d75 elementor-widget elementor-widget-heading\" data-id=\"3480d75\" data-element_type=\"widget\" data-widget_type=\"heading.default\">\n\t\t\t\t<div class=\"elementor-widget-container\">\n\t\t\t<h2 class=\"elementor-heading-title elementor-size-default\">CONDITIONS DE VENTE\n<\/h2>\t\t<\/div>\n\t\t\t\t<\/div>\n\t\t\t\t\t<\/div>\n\t\t<\/div>\n\t\t\t\t\t\t\t<\/div>\n\t\t<\/section>\n\t\t\t\t<section data-particle_enable=\"false\" data-particle-mobile-disabled=\"false\" class=\"elementor-section elementor-top-section elementor-element elementor-element-dc30f2c elementor-section-boxed elementor-section-height-default elementor-section-height-default\" data-id=\"dc30f2c\" data-element_type=\"section\">\n\t\t\t\t\t\t<div class=\"elementor-container elementor-column-gap-default\">\n\t\t\t\t\t<div class=\"elementor-column elementor-col-100 elementor-top-column elementor-element elementor-element-08d93dc\" data-id=\"08d93dc\" data-element_type=\"column\">\n\t\t\t<div class=\"elementor-widget-wrap elementor-element-populated\">\n\t\t\t\t\t\t\t\t<div class=\"elementor-element elementor-element-edac5c7 elementor-widget elementor-widget-heading\" data-id=\"edac5c7\" data-element_type=\"widget\" data-widget_type=\"heading.default\">\n\t\t\t\t<div class=\"elementor-widget-container\">\n\t\t\t<h2 class=\"elementor-heading-title elementor-size-default\">Aide financi\u00e8re \u00e0 la formation: contrat FNE\n<\/h2>\t\t<\/div>\n\t\t\t\t<\/div>\n\t\t\t\t<div class=\"elementor-element elementor-element-56c2016 elementor-widget-divider--view-line elementor-widget elementor-widget-divider\" data-id=\"56c2016\" data-element_type=\"widget\" data-widget_type=\"divider.default\">\n\t\t\t\t<div class=\"elementor-widget-container\">\n\t\t\t\t\t<div class=\"elementor-divider\">\n\t\t\t<span class=\"elementor-divider-separator\">\n\t\t\t\t\t\t<\/span>\n\t\t<\/div>\n\t\t\t\t<\/div>\n\t\t\t\t<\/div>\n\t\t\t\t\t<\/div>\n\t\t<\/div>\n\t\t\t\t\t\t\t<\/div>\n\t\t<\/section>\n\t\t\t\t<section data-particle_enable=\"false\" data-particle-mobile-disabled=\"false\" class=\"elementor-section elementor-top-section elementor-element elementor-element-b152061 elementor-section-boxed elementor-section-height-default elementor-section-height-default\" data-id=\"b152061\" data-element_type=\"section\">\n\t\t\t\t\t\t<div class=\"elementor-container elementor-column-gap-default\">\n\t\t\t\t\t<div class=\"elementor-column elementor-col-100 elementor-top-column elementor-element elementor-element-598b857\" data-id=\"598b857\" data-element_type=\"column\">\n\t\t\t<div class=\"elementor-widget-wrap elementor-element-populated\">\n\t\t\t\t\t\t\t\t<div class=\"elementor-element elementor-element-c890344 elementor-widget elementor-widget-text-editor\" data-id=\"c890344\" data-element_type=\"widget\" data-widget_type=\"text-editor.default\">\n\t\t\t\t<div class=\"elementor-widget-container\">\n\t\t\t\t\t<div class=\"elementor-text-editor elementor-clearfix\">Pour nos formations, un acompte de 50 % du co\u00fbt total de la formation devra \u00eatre vers\u00e9 \u00e0 l\u2019inscription\n\u00e0 titre de r\u00e9servation du stage. Vous recevrez d\u00e8s lors plusieurs fascicules vous permettant de commen-\ncer \u00e0 vous instruire. Le solde \u00e9tant vers\u00e9 au plus tard une semaine apr\u00e8s le d\u00e9marrage de la formation\nau secr\u00e9tariat acad\u00e9mique. Toute formation commenc\u00e9 est due int\u00e9gralement. En cas de d\u00e9sistement\ndans le mois pr\u00e9c\u00e9dent le stage, soit 30 jours, 100 000 FCFA correspondant \u00e0 la valeur des fascicules\nresteront acquis au centre de formation. <br>\nLes prix indiqu\u00e9s sont nets de taxes dans le cadre de la formation professionnelle continue. Si une mo-\ndification des taxes intervenait, ces prix seront r\u00e9vis\u00e9s et r\u00e9percut\u00e9s automatiquement.\nIls comprennent les cours, les fascicules et la pr\u00e9sentation \u00e0 l\u2019examen. Une facture acquitt\u00e9e sera re-\nmise au stagiaire \u00e0 son inscription ou lors de chaque paiement.<br>\nLa dur\u00e9e des formations est toujours mentionn\u00e9e lors de l\u2019inscription qui constitue le contrat de vente.<br>\nLa semaine a une dur\u00e9e moyenne de 36 heures de cours auxquelles il faut ajouter environ 6 heures de\ndevoirs pour l\u2019Attestation de capacit\u00e9 Marchandise. Cette semaine est d\u2019environ 30 heures pour l\u2019at-\ntestation Voyageur plus 6 heures de devoirs.<br>\nSi un jour f\u00e9ri\u00e9 est inclus dans la formation, il peut \u00eatre r\u00e9cup\u00e9r\u00e9 suivant les imp\u00e9ratifs de la formation\net la date d\u2019examen.<br>\nLa dur\u00e9e totale de la formation ainsi que son contenu pourront \u00eatre chang\u00e9es si le programme de l\u2019At-\ntestation de Capacit\u00e9 venait \u00e0 \u00eatre modifi\u00e9. Si cette dur\u00e9e de formation devenait plus longue, le prix\nserait augment\u00e9 proportionnellement au temps, mais le stagiaire en serait averti \u00e0 l\u2019avance.<br>\nUn stage peut \u00eatre annul\u00e9 si le nombre de participants est insuffisant. Dans ce cas, il y a report sur un\nautre stage \u00e0 la m\u00eame date ou sur un stage \u00e0 une date ult\u00e9rieure. En cas de non-acceptation par le sta-\ngiaire de ce changement, l\u2019acompte sera restitu\u00e9 sur sa demande.<br>\nPour toutes les conditions relatives \u00e0 l\u2019ex\u00e9cution ou \u00e0 l\u2019interpr\u00e9tation de nos conditions de vente, sera\nseul comp\u00e9tent le Tribunal de 1er Instance de Yaound\u00e9.<br>\nLe contrat CFPTL est valable 2 ans maximum apr\u00e8s le d\u00e9but du 1er stage. Il comprend un maximum\nde 03 repr\u00e9sentations \u00e0 l\u2019examen dans ce laps de temps. Il n\u2019est valable que si le stagiaire est assidu au\ncours et de soit pr\u00e9sent\u00e9 \u00e0 l\u2019examen en fin des stages. Cette formule peut \u00eatre refus\u00e9e \u00e0 tout moment\npar le Centre. Il faut avoir au minimum le niveau CEP ou classe de 5\u00e8me, ma\u00eetriser le Fran\u00e7ais (ou\nl\u2019anglais pour les Anglophones) et le calcul de base.<br>\nEn ce qui concerne l\u2019aide financi\u00e8re \u00e0 la formation, les candidat(e)s devront se rapprocher du secr\u00e9ta-\nriat d\u2019inscription qui leur donnera des indications \u00e0 suivre\n\n\n\n\n\n\n\n\n\n<\/div>\n\t\t\t\t<\/div>\n\t\t\t\t<\/div>\n\t\t\t\t\t<\/div>\n\t\t<\/div>\n\t\t\t\t\t\t\t<\/div>\n\t\t<\/section>\n\t\t\t\t<section data-particle_enable=\"false\" data-particle-mobile-disabled=\"false\" class=\"elementor-section elementor-top-section elementor-element elementor-element-6c96ff6 elementor-section-boxed elementor-section-height-default elementor-section-height-default\" data-id=\"6c96ff6\" data-element_type=\"section\">\n\t\t\t\t\t\t<div class=\"elementor-container elementor-column-gap-default\">\n\t\t\t\t\t<div class=\"elementor-column elementor-col-100 elementor-top-column elementor-element elementor-element-837d3f6\" data-id=\"837d3f6\" data-element_type=\"column\">\n\t\t\t<div class=\"elementor-widget-wrap elementor-element-populated\">\n\t\t\t\t\t\t\t\t<div class=\"elementor-element elementor-element-b97148a elementor-widget elementor-widget-spacer\" data-id=\"b97148a\" data-element_type=\"widget\" data-widget_type=\"spacer.default\">\n\t\t\t\t<div class=\"elementor-widget-container\">\n\t\t\t\t\t<div class=\"elementor-spacer\">\n\t\t\t<div class=\"elementor-spacer-inner\"><\/div>\n\t\t<\/div>\n\t\t\t\t<\/div>\n\t\t\t\t<\/div>\n\t\t\t\t\t<\/div>\n\t\t<\/div>\n\t\t\t\t\t\t\t<\/div>\n\t\t<\/section>\n\t\t\t\t\t\t<\/div>\n\t\t\t\t\t<\/div>\n\t\t","protected":false},"excerpt":{"rendered":"<p>CONDITIONS DE VENTE Aide financi\u00e8re \u00e0 la formation: contrat FNE Pour nos formations, un acompte de 50 % du co\u00fbt total de la formation devra \u00eatre vers\u00e9 \u00e0 l\u2019inscription \u00e0 titre de r\u00e9servation du stage. Vous recevrez d\u00e8s lors plusieurs&hellip;&nbsp;<a href=\"https:\/\/cftpl.ifpam-formations.com\/index.php\/conditions-de-vente\/\" class=\"more-link\">Read More<\/a><\/p>\n","protected":false},"author":1,"featured_media":0,"parent":0,"menu_order":0,"comment_status":"closed","ping_status":"closed","template":"elementor_header_footer","meta":{"om_disable_all_campaigns":false,"_monsterinsights_skip_tracking":false,"_monsterinsights_sitenote_active":false,"_monsterinsights_sitenote_note":"","_monsterinsights_sitenote_category":0},"_links":{"self":[{"href":"https:\/\/cftpl.ifpam-formations.com\/index.php\/wp-json\/wp\/v2\/pages\/189"}],"collection":[{"href":"https:\/\/cftpl.ifpam-formations.com\/index.php\/wp-json\/wp\/v2\/pages"}],"about":[{"href":"https:\/\/cftpl.ifpam-formations.com\/index.php\/wp-json\/wp\/v2\/types\/page"}],"author":[{"embeddable":true,"href":"https:\/\/cftpl.ifpam-formations.com\/index.php\/wp-json\/wp\/v2\/users\/1"}],"replies":[{"embeddable":true,"href":"https:\/\/cftpl.ifpam-formations.com\/index.php\/wp-json\/wp\/v2\/comments?post=189"}],"version-history":[{"count":10,"href":"https:\/\/cftpl.ifpam-formations.com\/index.php\/wp-json\/wp\/v2\/pages\/189\/revisions"}],"predecessor-version":[{"id":677,"href":"https:\/\/cftpl.ifpam-formations.com\/index.php\/wp-json\/wp\/v2\/pages\/189\/revisions\/677"}],"wp:attachment":[{"href":"https:\/\/cftpl.ifpam-formations.com\/index.php\/wp-json\/wp\/v2\/media?parent=189"}],"curies":[{"name":"wp","href":"https:\/\/api.w.org\/{rel}","templated":true}]}}